{"id":12793,"date":"2023-10-13T12:49:26","date_gmt":"2023-10-13T12:49:26","guid":{"rendered":"https:\/\/magical-swirles.92-205-111-68.plesk.page\/?page_id=12793"},"modified":"2025-01-31T14:29:26","modified_gmt":"2025-01-31T14:29:26","slug":"impressum","status":"publish","type":"page","link":"https:\/\/tagespflege-rostock.de\/index.php\/impressum\/","title":{"rendered":"Impressum"},"content":{"rendered":"\t\t<div data-elementor-type=\"wp-page\" data-elementor-id=\"12793\" class=\"elementor elementor-12793\" data-elementor-post-type=\"page\">\n\t\t\t\t\t\t<section class=\"elementor-section elementor-top-section elementor-element elementor-element-8a29423 elementor-section-boxed elementor-section-height-default elementor-section-height-default\" data-id=\"8a29423\" data-element_type=\"section\">\n\t\t\t\t\t\t<div class=\"elementor-container elementor-column-gap-default\">\n\t\t\t\t\t<div class=\"elementor-column elementor-col-100 elementor-top-column elementor-element elementor-element-471b60c\" data-id=\"471b60c\" data-element_type=\"column\">\n\t\t\t<div class=\"elementor-widget-wrap elementor-element-populated\">\n\t\t\t\t\t\t<div class=\"elementor-element elementor-element-085ddc1 elementor-widget elementor-widget-heading\" data-id=\"085ddc1\" data-element_type=\"widget\" data-widget_type=\"heading.default\">\n\t\t\t\t<div class=\"elementor-widget-container\">\n\t\t\t\t\t<h3 class=\"elementor-heading-title elementor-size-default\">Gem\u00e4\u00df \u00a7 5 TMG<\/h3>\t\t\t\t<\/div>\n\t\t\t\t<\/div>\n\t\t\t\t\t<\/div>\n\t\t<\/div>\n\t\t\t\t\t<\/div>\n\t\t<\/section>\n\t\t\t\t<section class=\"elementor-section elementor-top-section elementor-element elementor-element-2f307f2 elementor-section-boxed elementor-section-height-default elementor-section-height-default\" data-id=\"2f307f2\" data-element_type=\"section\">\n\t\t\t\t\t\t<div class=\"elementor-container elementor-column-gap-default\">\n\t\t\t\t\t<div class=\"elementor-column elementor-col-25 elementor-top-column elementor-element elementor-element-e4621d7\" data-id=\"e4621d7\" data-element_type=\"column\">\n\t\t\t<div class=\"elementor-widget-wrap elementor-element-populated\">\n\t\t\t\t\t\t<div class=\"elementor-element elementor-element-ec34510 elementor-widget elementor-widget-text-editor\" data-id=\"ec34510\" data-element_type=\"widget\" data-widget_type=\"text-editor.default\">\n\t\t\t\t<div class=\"elementor-widget-container\">\n\t\t\t\t\t\t\t\t\t<h4 style=\"text-align: left;\"><span style=\"color: #bd2d5d;\"><b>Herausgeber<\/b><\/span><\/h4><div>Pflege-Versorgungszentrum Rostock<\/div>\t\t\t\t\t\t\t\t<\/div>\n\t\t\t\t<\/div>\n\t\t\t\t\t<\/div>\n\t\t<\/div>\n\t\t\t\t<div class=\"elementor-column elementor-col-25 elementor-top-column elementor-element elementor-element-758f813\" data-id=\"758f813\" data-element_type=\"column\">\n\t\t\t<div class=\"elementor-widget-wrap elementor-element-populated\">\n\t\t\t\t\t\t<div class=\"elementor-element elementor-element-3a015d4 elementor-widget elementor-widget-text-editor\" data-id=\"3a015d4\" data-element_type=\"widget\" data-widget_type=\"text-editor.default\">\n\t\t\t\t<div class=\"elementor-widget-container\">\n\t\t\t\t\t\t\t\t\t<h4><span style=\"color: #bd2d5d;\"><b><span style=\"vertical-align: inherit;\"><span style=\"vertical-align: inherit;\">Contact<\/span><\/span><\/b><\/span><\/h4><div><p>Hellingstra\u00dfe 3<br \/>18057 Rostock<\/p><p>Tel.: +49-(0) 381 &#8211; 68 63 166<br \/>Fax: +49-(0) 381 &#8211; 68 63 167<\/p><p>E-mail:\u00a0<a href=\"mailto:info@pvz-rostock.de\">info@pvz-rostock.de<\/a><br \/>Internet:\u00a0<a href=\"http:\/\/www.pvz-rostock.de\/\">www.pvz-rostock.de<\/a><\/p><\/div>\t\t\t\t\t\t\t\t<\/div>\n\t\t\t\t<\/div>\n\t\t\t\t\t<\/div>\n\t\t<\/div>\n\t\t\t\t<div class=\"elementor-column elementor-col-25 elementor-top-column elementor-element elementor-element-5138947\" data-id=\"5138947\" data-element_type=\"column\">\n\t\t\t<div class=\"elementor-widget-wrap elementor-element-populated\">\n\t\t\t\t\t\t<div class=\"elementor-element elementor-element-2b72e8e elementor-widget elementor-widget-text-editor\" data-id=\"2b72e8e\" data-element_type=\"widget\" data-widget_type=\"text-editor.default\">\n\t\t\t\t<div class=\"elementor-widget-container\">\n\t\t\t\t\t\t\t\t\t<h4><span style=\"color: #bd2d5d;\"><b>Inhaberin<\/b><\/span><\/h4><div><div>Claudia Leith\u00e4user<\/div><div>\u00a0<\/div><div>IK-Nr. Ambulanter Pflegedienst: 461308092<\/div><div>IK-Nr. Tagespflege Gehlsdorf: 511308218<\/div><div><p>IK-Nr. Tagespflege Heimathafen: 511309128<\/p><p>Steuernummer: 079\/244\/11443<\/p><\/div><\/div>\t\t\t\t\t\t\t\t<\/div>\n\t\t\t\t<\/div>\n\t\t\t\t\t<\/div>\n\t\t<\/div>\n\t\t\t\t<div class=\"elementor-column elementor-col-25 elementor-top-column elementor-element elementor-element-2013e66\" data-id=\"2013e66\" data-element_type=\"column\">\n\t\t\t<div class=\"elementor-widget-wrap elementor-element-populated\">\n\t\t\t\t\t\t<div class=\"elementor-element elementor-element-e14dbfb elementor-widget elementor-widget-text-editor\" data-id=\"e14dbfb\" data-element_type=\"widget\" data-widget_type=\"text-editor.default\">\n\t\t\t\t<div class=\"elementor-widget-container\">\n\t\t\t\t\t\t\t\t\t<h4><span style=\"color: #bd2d5d;\"><b>Webdesign,\u00a0CMS,\u00a0Hosting<\/b><\/span><\/h4><p>Orb-IT Cross Media e.K.<br \/>Zum S\u00fcderholz 7<br \/>18182 Rostock &#8211; Bentwisch<br \/>www.orb-it.de<\/p>\t\t\t\t\t\t\t\t<\/div>\n\t\t\t\t<\/div>\n\t\t\t\t\t<\/div>\n\t\t<\/div>\n\t\t\t\t\t<\/div>\n\t\t<\/section>\n\t\t\t\t<section class=\"elementor-section elementor-top-section elementor-element elementor-element-7e569d4 elementor-section-height-min-height elementor-section-boxed elementor-section-height-default elementor-section-items-middle\" data-id=\"7e569d4\" data-element_type=\"section\">\n\t\t\t\t\t\t<div class=\"elementor-container elementor-column-gap-default\">\n\t\t\t\t\t<div class=\"elementor-column elementor-col-100 elementor-top-column elementor-element elementor-element-f988df1\" data-id=\"f988df1\" data-element_type=\"column\">\n\t\t\t<div class=\"elementor-widget-wrap elementor-element-populated\">\n\t\t\t\t\t\t<div class=\"elementor-element elementor-element-7710e81 elementor-widget elementor-widget-text-editor\" data-id=\"7710e81\" data-element_type=\"widget\" data-widget_type=\"text-editor.default\">\n\t\t\t\t<div class=\"elementor-widget-container\">\n\t\t\t\t\t\t\t\t\t<p><span style=\"color: #bd2d5d;\"><b>Rechtliche Hinweise\u00a0<\/b><\/span><\/p><div><p><strong><span style=\"color: #000000;\">Copyright<\/span><\/strong><br \/>Pflege-Versorgungszentrum Rostock<br \/>Der Inhalt dieser Webseiten ist urheberrechtlich gesch\u00fctzt.<br \/>Das Kopieren, Anpassen, Vervielf\u00e4ltigen oder Verbreiten dieser Inhalte oder eines Teiles dieser Inhalte, dazu z\u00e4hlen insbesondere Texte, Fotos, Grafiken, HTML und Layout, ist nur mit ausdr\u00fccklicher Genehmigung durch das Pflege-Versorgungszentrum Rostock GbR gestattet.<\/p><p><span style=\"color: #000000;\"><strong>Haftung<\/strong><\/span><br \/>Die auf diesen Seiten enthaltenen Informationen wurden sorgf\u00e4ltig zusammengestellt und gepr\u00fcft. Eine Haftung oder Garantie f\u00fcr die Aktualit\u00e4t, Vollst\u00e4ndigkeit und Korrektheit der Seiten ist jedoch ausgeschlossen. Wir tragen ferner auch keine Verantwortung f\u00fcr den Inhalt der \u00fcber Hyperlink verbundenen externen Internetauftritte. Jegliche Haftung f\u00fcr Sch\u00e4den, die direkt oder indirekt aus der Benutzung dieser Website entstehen, wird ausgeschlossen.<\/p><p><span style=\"color: #000000;\"><strong>Markenschutz<\/strong><\/span><br \/>S\u00e4mtliche auf diesen Seiten erw\u00e4hnten Namen von Firmen oder Marken, insbesondere von Hard- und Softwareprodukten, werden ohne Gew\u00e4hrleistung der freien Verf\u00fcgbarkeit wiedergegeben. Die Namen sind entweder eingetragene Warenzeichen oder sollten als solche betrachtet werden.<\/p><\/div><div><div>\u00a0<\/div><div><span style=\"color: #000000;\"><strong><span style=\"color: 7791a3;\">Informationen zu \u00a7 36 Verbraucherstreitbeteiligungsgesetz<\/span><\/strong><\/span><\/div><p>Die EU-Kommission bietet die M\u00f6glichkeit zur Online-Streitbeilegung auf einer von ihr betriebenen Online-Plattform. Diese Platform ist \u00fcber den externen Link http:\/\/ec.europa.eu\/consumers\/odr zu erreichen. Zu einer Teilnahme an einem Schlichtungsverfahren sind wir nicht verpflichtet und k\u00f6nnen die Teilnahme an einem solchen Verfahren auch leider nicht anbieten.<\/p><\/div>\t\t\t\t\t\t\t\t<\/div>\n\t\t\t\t<\/div>\n\t\t\t\t\t<\/div>\n\t\t<\/div>\n\t\t\t\t\t<\/div>\n\t\t<\/section>\n\t\t\t\t<\/div>\n\t\t","protected":false},"excerpt":{"rendered":"<p>Gem\u00e4\u00df \u00a7 5 TMG Herausgeber Pflege-Versorgungszentrum Rostock Contact Hellingstra\u00dfe 318057 Rostock Tel.: +49-(0) 381 &#8211; 68 63 166Fax: +49-(0) 381&#8230;<\/p>\n","protected":false},"author":1,"featured_media":0,"parent":0,"menu_order":0,"comment_status":"closed","ping_status":"closed","template":"","meta":{"_tbt_post_transparent":"","_tbt_post_title":"","_tbt_post_layout":"","_tbt_post_sidebar_id":"","_tbt_post_content_style":"","_tbt_post_vertical_padding":"","_tbt_post_feature":"","_tbt_post_feature_position":"","_tbt_post_header":false,"_tbt_post_footer":false},"class_list":["post-12793","page","type-page","status-publish","hentry"],"yoast_head":"<!-- This site is optimized with the Yoast SEO plugin v26.4 - https:\/\/yoast.com\/wordpress\/plugins\/seo\/ -->\n<title>Impressum - PVZ Rostock<\/title>\n<meta name=\"robots\" content=\"noindex, follow, max-snippet:-1, max-image-preview:large, max-video-preview:-1\" \/>\n<meta property=\"og:locale\" content=\"de_DE\" \/>\n<meta property=\"og:type\" content=\"article\" \/>\n<meta property=\"og:title\" content=\"Impressum - PVZ Rostock\" \/>\n<meta property=\"og:description\" content=\"Gem\u00e4\u00df \u00a7 5 TMG Herausgeber Pflege-Versorgungszentrum Rostock Contact Hellingstra\u00dfe 318057 Rostock Tel.: +49-(0) 381 &#8211; 68 63 166Fax: +49-(0) 381...\" \/>\n<meta property=\"og:url\" content=\"https:\/\/tagespflege-rostock.de\/index.php\/impressum\/\" \/>\n<meta property=\"og:site_name\" content=\"PVZ Rostock\" \/>\n<meta property=\"article:modified_time\" content=\"2025-01-31T14:29:26+00:00\" \/>\n<meta name=\"twitter:card\" content=\"summary_large_image\" \/>\n<meta name=\"twitter:label1\" content=\"Gesch\u00e4tzte Lesezeit\" \/>\n\t<meta name=\"twitter:data1\" content=\"2\u00a0Minuten\" \/>\n<script type=\"application\/ld+json\" class=\"yoast-schema-graph\">{\"@context\":\"https:\/\/schema.org\",\"@graph\":[{\"@type\":\"WebPage\",\"@id\":\"https:\/\/tagespflege-rostock.de\/index.php\/impressum\/\",\"url\":\"https:\/\/tagespflege-rostock.de\/index.php\/impressum\/\",\"name\":\"Impressum - PVZ Rostock\",\"isPartOf\":{\"@id\":\"https:\/\/tagespflege-rostock.de\/#website\"},\"datePublished\":\"2023-10-13T12:49:26+00:00\",\"dateModified\":\"2025-01-31T14:29:26+00:00\",\"breadcrumb\":{\"@id\":\"https:\/\/tagespflege-rostock.de\/index.php\/impressum\/#breadcrumb\"},\"inLanguage\":\"de\",\"potentialAction\":[{\"@type\":\"ReadAction\",\"target\":[\"https:\/\/tagespflege-rostock.de\/index.php\/impressum\/\"]}]},{\"@type\":\"BreadcrumbList\",\"@id\":\"https:\/\/tagespflege-rostock.de\/index.php\/impressum\/#breadcrumb\",\"itemListElement\":[{\"@type\":\"ListItem\",\"position\":1,\"name\":\"Startseite\",\"item\":\"https:\/\/tagespflege-rostock.de\/\"},{\"@type\":\"ListItem\",\"position\":2,\"name\":\"Impressum\"}]},{\"@type\":\"WebSite\",\"@id\":\"https:\/\/tagespflege-rostock.de\/#website\",\"url\":\"https:\/\/tagespflege-rostock.de\/\",\"name\":\"PVZ Rostock\",\"description\":\"Free WordPress Theme\",\"publisher\":{\"@id\":\"https:\/\/tagespflege-rostock.de\/#organization\"},\"potentialAction\":[{\"@type\":\"SearchAction\",\"target\":{\"@type\":\"EntryPoint\",\"urlTemplate\":\"https:\/\/tagespflege-rostock.de\/?s={search_term_string}\"},\"query-input\":{\"@type\":\"PropertyValueSpecification\",\"valueRequired\":true,\"valueName\":\"search_term_string\"}}],\"inLanguage\":\"de\"},{\"@type\":\"Organization\",\"@id\":\"https:\/\/tagespflege-rostock.de\/#organization\",\"name\":\"PVZ Rostock\",\"url\":\"https:\/\/tagespflege-rostock.de\/\",\"logo\":{\"@type\":\"ImageObject\",\"inLanguage\":\"de\",\"@id\":\"https:\/\/tagespflege-rostock.de\/#\/schema\/logo\/image\/\",\"url\":\"https:\/\/Tagespflege-rostock.de\/wp-content\/uploads\/2025\/02\/cropped-PVZ-Logo.jpg\",\"contentUrl\":\"https:\/\/Tagespflege-rostock.de\/wp-content\/uploads\/2025\/02\/cropped-PVZ-Logo.jpg\",\"width\":1218,\"height\":487,\"caption\":\"PVZ Rostock\"},\"image\":{\"@id\":\"https:\/\/tagespflege-rostock.de\/#\/schema\/logo\/image\/\"}}]}<\/script>\n<!-- \/ Yoast SEO plugin. -->","yoast_head_json":{"title":"Impressum - PVZ Rostock","robots":{"index":"noindex","follow":"follow","max-snippet":"max-snippet:-1","max-image-preview":"max-image-preview:large","max-video-preview":"max-video-preview:-1"},"og_locale":"de_DE","og_type":"article","og_title":"Impressum - PVZ Rostock","og_description":"Gem\u00e4\u00df \u00a7 5 TMG Herausgeber Pflege-Versorgungszentrum Rostock Contact Hellingstra\u00dfe 318057 Rostock Tel.: +49-(0) 381 &#8211; 68 63 166Fax: +49-(0) 381...","og_url":"https:\/\/tagespflege-rostock.de\/index.php\/impressum\/","og_site_name":"PVZ Rostock","article_modified_time":"2025-01-31T14:29:26+00:00","twitter_card":"summary_large_image","twitter_misc":{"Gesch\u00e4tzte Lesezeit":"2\u00a0Minuten"},"schema":{"@context":"https:\/\/schema.org","@graph":[{"@type":"WebPage","@id":"https:\/\/tagespflege-rostock.de\/index.php\/impressum\/","url":"https:\/\/tagespflege-rostock.de\/index.php\/impressum\/","name":"Impressum - PVZ Rostock","isPartOf":{"@id":"https:\/\/tagespflege-rostock.de\/#website"},"datePublished":"2023-10-13T12:49:26+00:00","dateModified":"2025-01-31T14:29:26+00:00","breadcrumb":{"@id":"https:\/\/tagespflege-rostock.de\/index.php\/impressum\/#breadcrumb"},"inLanguage":"de","potentialAction":[{"@type":"ReadAction","target":["https:\/\/tagespflege-rostock.de\/index.php\/impressum\/"]}]},{"@type":"BreadcrumbList","@id":"https:\/\/tagespflege-rostock.de\/index.php\/impressum\/#breadcrumb","itemListElement":[{"@type":"ListItem","position":1,"name":"Startseite","item":"https:\/\/tagespflege-rostock.de\/"},{"@type":"ListItem","position":2,"name":"Impressum"}]},{"@type":"WebSite","@id":"https:\/\/tagespflege-rostock.de\/#website","url":"https:\/\/tagespflege-rostock.de\/","name":"PVZ Rostock","description":"Free WordPress Theme","publisher":{"@id":"https:\/\/tagespflege-rostock.de\/#organization"},"potentialAction":[{"@type":"SearchAction","target":{"@type":"EntryPoint","urlTemplate":"https:\/\/tagespflege-rostock.de\/?s={search_term_string}"},"query-input":{"@type":"PropertyValueSpecification","valueRequired":true,"valueName":"search_term_string"}}],"inLanguage":"de"},{"@type":"Organization","@id":"https:\/\/tagespflege-rostock.de\/#organization","name":"PVZ Rostock","url":"https:\/\/tagespflege-rostock.de\/","logo":{"@type":"ImageObject","inLanguage":"de","@id":"https:\/\/tagespflege-rostock.de\/#\/schema\/logo\/image\/","url":"https:\/\/Tagespflege-rostock.de\/wp-content\/uploads\/2025\/02\/cropped-PVZ-Logo.jpg","contentUrl":"https:\/\/Tagespflege-rostock.de\/wp-content\/uploads\/2025\/02\/cropped-PVZ-Logo.jpg","width":1218,"height":487,"caption":"PVZ Rostock"},"image":{"@id":"https:\/\/tagespflege-rostock.de\/#\/schema\/logo\/image\/"}}]}},"jetpack_sharing_enabled":true,"_links":{"self":[{"href":"https:\/\/tagespflege-rostock.de\/index.php\/wp-json\/wp\/v2\/pages\/12793","targetHints":{"allow":["GET"]}}],"collection":[{"href":"https:\/\/tagespflege-rostock.de\/index.php\/wp-json\/wp\/v2\/pages"}],"about":[{"href":"https:\/\/tagespflege-rostock.de\/index.php\/wp-json\/wp\/v2\/types\/page"}],"author":[{"embeddable":true,"href":"https:\/\/tagespflege-rostock.de\/index.php\/wp-json\/wp\/v2\/users\/1"}],"replies":[{"embeddable":true,"href":"https:\/\/tagespflege-rostock.de\/index.php\/wp-json\/wp\/v2\/comments?post=12793"}],"version-history":[{"count":61,"href":"https:\/\/tagespflege-rostock.de\/index.php\/wp-json\/wp\/v2\/pages\/12793\/revisions"}],"predecessor-version":[{"id":13196,"href":"https:\/\/tagespflege-rostock.de\/index.php\/wp-json\/wp\/v2\/pages\/12793\/revisions\/13196"}],"wp:attachment":[{"href":"https:\/\/tagespflege-rostock.de\/index.php\/wp-json\/wp\/v2\/media?parent=12793"}],"curies":[{"name":"wp","href":"https:\/\/api.w.org\/{rel}","templated":true}]}}