{"id":2242,"date":"2021-10-25T11:40:43","date_gmt":"2021-10-25T11:40:43","guid":{"rendered":"https:\/\/wp.themedemo.org\/WCM07\/WCM070151\/?page_id=2242"},"modified":"2025-04-24T07:09:08","modified_gmt":"2025-04-24T07:09:08","slug":"ueber_uns","status":"publish","type":"page","link":"https:\/\/tagespflege-rostock.de\/index.php\/ueber_uns\/","title":{"rendered":"\u00dcber Uns"},"content":{"rendered":"\t\t<div data-elementor-type=\"wp-page\" data-elementor-id=\"2242\" class=\"elementor elementor-2242\" data-elementor-post-type=\"page\">\n\t\t\t\t\t\t<section class=\"elementor-section elementor-top-section elementor-element elementor-element-c463ab1 elementor-section-boxed elementor-section-height-default elementor-section-height-default\" data-id=\"c463ab1\" data-element_type=\"section\">\n\t\t\t\t\t\t<div class=\"elementor-container elementor-column-gap-default\">\n\t\t\t\t\t<div class=\"elementor-column elementor-col-100 elementor-top-column elementor-element elementor-element-1d648c8\" data-id=\"1d648c8\" data-element_type=\"column\">\n\t\t\t<div class=\"elementor-widget-wrap elementor-element-populated\">\n\t\t\t\t\t\t<div class=\"elementor-element elementor-element-3425b46 elementor-widget elementor-widget-text-editor\" data-id=\"3425b46\" data-element_type=\"widget\" data-widget_type=\"text-editor.default\">\n\t\t\t\t<div class=\"elementor-widget-container\">\n\t\t\t\t\t\t\t\t\t<table id=\"sf_element_18511\" class=\"sf_element \"><tbody><tr><td id=\"sf_cell_34621\" class=\"sf_tbl_full sf_cell\"><b><span style=\"color: #a80202;\"><span style=\"color: #bd2d5d;\">Das Pflege-Versorgungszentrum Rostock\u00a0bietet alle Dienstleistungen rund um die Pflege und Betreuung \u00e4lterer und pflegebed\u00fcrftiger Menschen an. Wir stehen f\u00fcr\u00a0<span style=\"color: #000000;\">P<\/span>rofessionalit\u00e4t,\u00a0<span style=\"color: #000000;\">V<\/span>ertrauen und\u00a0<span style=\"color: #000000;\">Z<\/span>uversicht.<\/span><\/span><\/b><\/td><\/tr><\/tbody><\/table>\t\t\t\t\t\t\t\t<\/div>\n\t\t\t\t<\/div>\n\t\t\t\t\t<\/div>\n\t\t<\/div>\n\t\t\t\t\t<\/div>\n\t\t<\/section>\n\t\t\t\t<section class=\"elementor-section elementor-top-section elementor-element elementor-element-7eeac41 elementor-section-boxed elementor-section-height-default elementor-section-height-default\" data-id=\"7eeac41\" data-element_type=\"section\">\n\t\t\t\t\t\t<div class=\"elementor-container elementor-column-gap-default\">\n\t\t\t\t\t<div class=\"elementor-column elementor-col-100 elementor-top-column elementor-element elementor-element-094accc\" data-id=\"094accc\" data-element_type=\"column\">\n\t\t\t<div class=\"elementor-widget-wrap elementor-element-populated\">\n\t\t\t\t\t\t<div class=\"elementor-element elementor-element-9b7d5a6 elementor-widget elementor-widget-text-editor\" data-id=\"9b7d5a6\" data-element_type=\"widget\" data-widget_type=\"text-editor.default\">\n\t\t\t\t<div class=\"elementor-widget-container\">\n\t\t\t\t\t\t\t\t\t<p>Das PVZ Rostock betreibt einen ambulanten Pflegedienst im Raum Rostock. Neben einem ambulanten Pflegeteam bieten wir f\u00fcr schwerstkranke Patienten auch die spezialisierte und allgemeine ambulante Palliativversorgung (SAPV\/AAPV) an. Unsere daf\u00fcr ausgebildeten Fachkr\u00e4fte arbeiten eng mit den hiesigen \u00e4rztlichen Palliativnetzwerken zusammen.<\/p>\t\t\t\t\t\t\t\t<\/div>\n\t\t\t\t<\/div>\n\t\t\t\t<div class=\"elementor-element elementor-element-099f003 elementor-widget elementor-widget-text-editor\" data-id=\"099f003\" data-element_type=\"widget\" data-widget_type=\"text-editor.default\">\n\t\t\t\t<div class=\"elementor-widget-container\">\n\t\t\t\t\t\t\t\t\t<p>Dar\u00fcber hinaus haben wir ein geschultes Betreuerteam. Unsere Mitarbeiterinnen unterst\u00fctzen unsere Patienten und\u00a0ihre Angeh\u00f6rigen\u00a0im Rahmen der sogenannten Entlastungsleistungen mit Betreuung und Hauswirtschaft.<\/p>\t\t\t\t\t\t\t\t<\/div>\n\t\t\t\t<\/div>\n\t\t\t\t<div class=\"elementor-element elementor-element-245df53 elementor-widget elementor-widget-text-editor\" data-id=\"245df53\" data-element_type=\"widget\" data-widget_type=\"text-editor.default\">\n\t\t\t\t<div class=\"elementor-widget-container\">\n\t\t\t\t\t\t\t\t\t<p>In unserer Tagespflege &#8222;Heimathafen&#8220; am Werftdreieck in Rostock k\u00fcmmert sich ein Team aus examinierten Pflegekr\u00e4ften und versierten Helfern liebevoll um unsere Tagesg\u00e4ste.<\/p>\t\t\t\t\t\t\t\t<\/div>\n\t\t\t\t<\/div>\n\t\t\t\t<div class=\"elementor-element elementor-element-cbf56f5 elementor-widget elementor-widget-text-editor\" data-id=\"cbf56f5\" data-element_type=\"widget\" data-widget_type=\"text-editor.default\">\n\t\t\t\t<div class=\"elementor-widget-container\">\n\t\t\t\t\t\t\t\t\t<p>Gern beraten wir Sie in einem pers\u00f6nlichen Gespr\u00e4ch\u00a0\u00fcber Ihre individuellen M\u00f6glichkeiten rund um Pflege und Betreuung.<\/p>\t\t\t\t\t\t\t\t<\/div>\n\t\t\t\t<\/div>\n\t\t\t\t\t<\/div>\n\t\t<\/div>\n\t\t\t\t\t<\/div>\n\t\t<\/section>\n\t\t\t\t<\/div>\n\t\t","protected":false},"excerpt":{"rendered":"<p>Das Pflege-Versorgungszentrum Rostock\u00a0bietet alle Dienstleistungen rund um die Pflege und Betreuung \u00e4lterer und pflegebed\u00fcrftiger Menschen an. Wir stehen f\u00fcr\u00a0Professionalit\u00e4t,\u00a0Vertrauen und\u00a0Zuversicht&#8230;.<\/p>\n","protected":false},"author":1,"featured_media":0,"parent":0,"menu_order":0,"comment_status":"closed","ping_status":"closed","template":"","meta":{"_tbt_post_transparent":"","_tbt_post_title":"","_tbt_post_layout":"","_tbt_post_sidebar_id":"","_tbt_post_content_style":"","_tbt_post_vertical_padding":"","_tbt_post_feature":"","_tbt_post_feature_position":"","_tbt_post_header":false,"_tbt_post_footer":false},"class_list":["post-2242","page","type-page","status-publish","hentry"],"yoast_head":"<!-- This site is optimized with the Yoast SEO plugin v26.4 - https:\/\/yoast.com\/wordpress\/plugins\/seo\/ -->\n<title>\u00dcber Uns - PVZ Rostock<\/title>\n<meta name=\"robots\" content=\"noindex, follow, max-snippet:-1, max-image-preview:large, max-video-preview:-1\" \/>\n<meta property=\"og:locale\" content=\"de_DE\" \/>\n<meta property=\"og:type\" content=\"article\" \/>\n<meta property=\"og:title\" content=\"\u00dcber Uns - PVZ Rostock\" \/>\n<meta property=\"og:description\" content=\"Das Pflege-Versorgungszentrum Rostock\u00a0bietet alle Dienstleistungen rund um die Pflege und Betreuung \u00e4lterer und pflegebed\u00fcrftiger Menschen an. Wir stehen f\u00fcr\u00a0Professionalit\u00e4t,\u00a0Vertrauen und\u00a0Zuversicht....\" \/>\n<meta property=\"og:url\" content=\"https:\/\/tagespflege-rostock.de\/index.php\/ueber_uns\/\" \/>\n<meta property=\"og:site_name\" content=\"PVZ Rostock\" \/>\n<meta property=\"article:modified_time\" content=\"2025-04-24T07:09:08+00:00\" \/>\n<meta name=\"twitter:card\" content=\"summary_large_image\" \/>\n<meta name=\"twitter:label1\" content=\"Gesch\u00e4tzte Lesezeit\" \/>\n\t<meta name=\"twitter:data1\" content=\"1\u00a0Minute\" \/>\n<script type=\"application\/ld+json\" class=\"yoast-schema-graph\">{\"@context\":\"https:\/\/schema.org\",\"@graph\":[{\"@type\":\"WebPage\",\"@id\":\"https:\/\/tagespflege-rostock.de\/index.php\/ueber_uns\/\",\"url\":\"https:\/\/tagespflege-rostock.de\/index.php\/ueber_uns\/\",\"name\":\"\u00dcber Uns - PVZ Rostock\",\"isPartOf\":{\"@id\":\"https:\/\/tagespflege-rostock.de\/#website\"},\"datePublished\":\"2021-10-25T11:40:43+00:00\",\"dateModified\":\"2025-04-24T07:09:08+00:00\",\"breadcrumb\":{\"@id\":\"https:\/\/tagespflege-rostock.de\/index.php\/ueber_uns\/#breadcrumb\"},\"inLanguage\":\"de\",\"potentialAction\":[{\"@type\":\"ReadAction\",\"target\":[\"https:\/\/tagespflege-rostock.de\/index.php\/ueber_uns\/\"]}]},{\"@type\":\"BreadcrumbList\",\"@id\":\"https:\/\/tagespflege-rostock.de\/index.php\/ueber_uns\/#breadcrumb\",\"itemListElement\":[{\"@type\":\"ListItem\",\"position\":1,\"name\":\"Startseite\",\"item\":\"https:\/\/tagespflege-rostock.de\/\"},{\"@type\":\"ListItem\",\"position\":2,\"name\":\"\u00dcber Uns\"}]},{\"@type\":\"WebSite\",\"@id\":\"https:\/\/tagespflege-rostock.de\/#website\",\"url\":\"https:\/\/tagespflege-rostock.de\/\",\"name\":\"PVZ Rostock\",\"description\":\"Free WordPress Theme\",\"publisher\":{\"@id\":\"https:\/\/tagespflege-rostock.de\/#organization\"},\"potentialAction\":[{\"@type\":\"SearchAction\",\"target\":{\"@type\":\"EntryPoint\",\"urlTemplate\":\"https:\/\/tagespflege-rostock.de\/?s={search_term_string}\"},\"query-input\":{\"@type\":\"PropertyValueSpecification\",\"valueRequired\":true,\"valueName\":\"search_term_string\"}}],\"inLanguage\":\"de\"},{\"@type\":\"Organization\",\"@id\":\"https:\/\/tagespflege-rostock.de\/#organization\",\"name\":\"PVZ Rostock\",\"url\":\"https:\/\/tagespflege-rostock.de\/\",\"logo\":{\"@type\":\"ImageObject\",\"inLanguage\":\"de\",\"@id\":\"https:\/\/tagespflege-rostock.de\/#\/schema\/logo\/image\/\",\"url\":\"https:\/\/Tagespflege-rostock.de\/wp-content\/uploads\/2025\/02\/cropped-PVZ-Logo.jpg\",\"contentUrl\":\"https:\/\/Tagespflege-rostock.de\/wp-content\/uploads\/2025\/02\/cropped-PVZ-Logo.jpg\",\"width\":1218,\"height\":487,\"caption\":\"PVZ Rostock\"},\"image\":{\"@id\":\"https:\/\/tagespflege-rostock.de\/#\/schema\/logo\/image\/\"}}]}<\/script>\n<!-- \/ Yoast SEO plugin. -->","yoast_head_json":{"title":"\u00dcber Uns - PVZ Rostock","robots":{"index":"noindex","follow":"follow","max-snippet":"max-snippet:-1","max-image-preview":"max-image-preview:large","max-video-preview":"max-video-preview:-1"},"og_locale":"de_DE","og_type":"article","og_title":"\u00dcber Uns - PVZ Rostock","og_description":"Das Pflege-Versorgungszentrum Rostock\u00a0bietet alle Dienstleistungen rund um die Pflege und Betreuung \u00e4lterer und pflegebed\u00fcrftiger Menschen an. Wir stehen f\u00fcr\u00a0Professionalit\u00e4t,\u00a0Vertrauen und\u00a0Zuversicht....","og_url":"https:\/\/tagespflege-rostock.de\/index.php\/ueber_uns\/","og_site_name":"PVZ Rostock","article_modified_time":"2025-04-24T07:09:08+00:00","twitter_card":"summary_large_image","twitter_misc":{"Gesch\u00e4tzte Lesezeit":"1\u00a0Minute"},"schema":{"@context":"https:\/\/schema.org","@graph":[{"@type":"WebPage","@id":"https:\/\/tagespflege-rostock.de\/index.php\/ueber_uns\/","url":"https:\/\/tagespflege-rostock.de\/index.php\/ueber_uns\/","name":"\u00dcber Uns - PVZ Rostock","isPartOf":{"@id":"https:\/\/tagespflege-rostock.de\/#website"},"datePublished":"2021-10-25T11:40:43+00:00","dateModified":"2025-04-24T07:09:08+00:00","breadcrumb":{"@id":"https:\/\/tagespflege-rostock.de\/index.php\/ueber_uns\/#breadcrumb"},"inLanguage":"de","potentialAction":[{"@type":"ReadAction","target":["https:\/\/tagespflege-rostock.de\/index.php\/ueber_uns\/"]}]},{"@type":"BreadcrumbList","@id":"https:\/\/tagespflege-rostock.de\/index.php\/ueber_uns\/#breadcrumb","itemListElement":[{"@type":"ListItem","position":1,"name":"Startseite","item":"https:\/\/tagespflege-rostock.de\/"},{"@type":"ListItem","position":2,"name":"\u00dcber Uns"}]},{"@type":"WebSite","@id":"https:\/\/tagespflege-rostock.de\/#website","url":"https:\/\/tagespflege-rostock.de\/","name":"PVZ Rostock","description":"Free WordPress Theme","publisher":{"@id":"https:\/\/tagespflege-rostock.de\/#organization"},"potentialAction":[{"@type":"SearchAction","target":{"@type":"EntryPoint","urlTemplate":"https:\/\/tagespflege-rostock.de\/?s={search_term_string}"},"query-input":{"@type":"PropertyValueSpecification","valueRequired":true,"valueName":"search_term_string"}}],"inLanguage":"de"},{"@type":"Organization","@id":"https:\/\/tagespflege-rostock.de\/#organization","name":"PVZ Rostock","url":"https:\/\/tagespflege-rostock.de\/","logo":{"@type":"ImageObject","inLanguage":"de","@id":"https:\/\/tagespflege-rostock.de\/#\/schema\/logo\/image\/","url":"https:\/\/Tagespflege-rostock.de\/wp-content\/uploads\/2025\/02\/cropped-PVZ-Logo.jpg","contentUrl":"https:\/\/Tagespflege-rostock.de\/wp-content\/uploads\/2025\/02\/cropped-PVZ-Logo.jpg","width":1218,"height":487,"caption":"PVZ Rostock"},"image":{"@id":"https:\/\/tagespflege-rostock.de\/#\/schema\/logo\/image\/"}}]}},"jetpack_sharing_enabled":true,"_links":{"self":[{"href":"https:\/\/tagespflege-rostock.de\/index.php\/wp-json\/wp\/v2\/pages\/2242","targetHints":{"allow":["GET"]}}],"collection":[{"href":"https:\/\/tagespflege-rostock.de\/index.php\/wp-json\/wp\/v2\/pages"}],"about":[{"href":"https:\/\/tagespflege-rostock.de\/index.php\/wp-json\/wp\/v2\/types\/page"}],"author":[{"embeddable":true,"href":"https:\/\/tagespflege-rostock.de\/index.php\/wp-json\/wp\/v2\/users\/1"}],"replies":[{"embeddable":true,"href":"https:\/\/tagespflege-rostock.de\/index.php\/wp-json\/wp\/v2\/comments?post=2242"}],"version-history":[{"count":81,"href":"https:\/\/tagespflege-rostock.de\/index.php\/wp-json\/wp\/v2\/pages\/2242\/revisions"}],"predecessor-version":[{"id":13204,"href":"https:\/\/tagespflege-rostock.de\/index.php\/wp-json\/wp\/v2\/pages\/2242\/revisions\/13204"}],"wp:attachment":[{"href":"https:\/\/tagespflege-rostock.de\/index.php\/wp-json\/wp\/v2\/media?parent=2242"}],"curies":[{"name":"wp","href":"https:\/\/api.w.org\/{rel}","templated":true}]}}